{"id":10983,"date":"2023-05-05T11:51:05","date_gmt":"2023-05-05T09:51:05","guid":{"rendered":"https:\/\/www.antillia.be\/blog\/?page_id=10983"},"modified":"2026-04-16T23:53:01","modified_gmt":"2026-04-16T21:53:01","slug":"1947-hugo-claus","status":"publish","type":"page","link":"https:\/\/www.antillia.be\/blog\/de-zingende-ziel-der-dingen\/getuigenissen-over-nand-en-sim\/1962-1990-a-charge-et-a-decharge\/1947-hugo-claus\/","title":{"rendered":"1947 Hugo Claus"},"content":{"rendered":"<p>(Nog uit te schrijven. Nands moeder was bevriend met de moeder van\u00a0<a href=\"https:\/\/nl.wikipedia.org\/wiki\/Elly_Overzier\" target=\"_blank\" rel=\"noopener nofollow\">Ellie Overzier<\/a>, de eerste echtgenote van Claus, haar gezinswoning bevond zich niet ver van Nands woning toen in Gistel. Zij schonk Nands moeder een exemplaar van Claus\u2019 eerste dichtbundel \u201c<a href=\"https:\/\/nl.wikipedia.org\/wiki\/Hugo_Claus#Po%C3%ABzie\" target=\"_blank\" rel=\"noopener nofollow\">Kleine Reeks<\/a>\u201c. Verder ook nog iets over Claus\u2019 oorlogsjaren.)<\/p>\n","protected":false},"excerpt":{"rendered":"<p>(Nog uit te schrijven. Nands moeder was bevriend met de moeder van\u00a0Ellie Overzier, de eerste echtgenote van Claus, haar gezinswoning bevond zich niet ver van Nands woning toen in Gistel. Zij schonk Nands moeder een exemplaar van Claus\u2019 eerste dichtbundel \u201cKleine Reeks\u201c. Verder ook nog iets over Claus\u2019 oorlogsjaren.)<\/p>\n","protected":false},"author":1,"featured_media":0,"parent":1978,"menu_order":252,"comment_status":"closed","ping_status":"closed","template":"","meta":{"footnotes":""},"class_list":["post-10983","page","type-page","status-publish","hentry"],"yoast_head":"<!-- This site is optimized with the Yoast SEO plugin v27.5 - https:\/\/yoast.com\/product\/yoast-seo-wordpress\/ -->\n<title>1947 Hugo Claus - Raratonga<\/title>\n<meta name=\"robots\" content=\"index, follow, max-snippet:-1, max-image-preview:large, max-video-preview:-1\" \/>\n<link rel=\"canonical\" href=\"https:\/\/www.antillia.be\/blog\/de-zingende-ziel-der-dingen\/getuigenissen-over-nand-en-sim\/1962-1990-a-charge-et-a-decharge\/1947-hugo-claus\/\" \/>\n<meta property=\"og:locale\" content=\"nl_NL\" \/>\n<meta property=\"og:type\" content=\"article\" \/>\n<meta property=\"og:title\" content=\"1947 Hugo Claus - Raratonga\" \/>\n<meta property=\"og:description\" content=\"(Nog uit te schrijven. Nands moeder was bevriend met de moeder van\u00a0Ellie Overzier, de eerste echtgenote van Claus, haar gezinswoning bevond zich niet ver van Nands woning toen in Gistel. Zij schonk Nands moeder een exemplaar van Claus\u2019 eerste dichtbundel \u201cKleine Reeks\u201c. Verder ook nog iets over Claus\u2019 oorlogsjaren.)\" \/>\n<meta property=\"og:url\" content=\"https:\/\/www.antillia.be\/blog\/de-zingende-ziel-der-dingen\/getuigenissen-over-nand-en-sim\/1962-1990-a-charge-et-a-decharge\/1947-hugo-claus\/\" \/>\n<meta property=\"og:site_name\" content=\"Raratonga\" \/>\n<meta property=\"article:modified_time\" content=\"2026-04-16T21:53:01+00:00\" \/>\n<meta property=\"og:image\" content=\"https:\/\/www.antillia.be\/blog\/wp-content\/uploads\/2020\/03\/Voorpagina-9.jpg\" \/>\n\t<meta property=\"og:image:width\" content=\"1291\" \/>\n\t<meta property=\"og:image:height\" content=\"709\" \/>\n\t<meta property=\"og:image:type\" content=\"image\/jpeg\" \/>\n<meta name=\"twitter:card\" content=\"summary_large_image\" \/>\n<meta name=\"twitter:label1\" content=\"Geschatte leestijd\" \/>\n\t<meta name=\"twitter:data1\" content=\"1 minuut\" \/>\n<script type=\"application\/ld+json\" class=\"yoast-schema-graph\">{\"@context\":\"https:\\\/\\\/schema.org\",\"@graph\":[{\"@type\":\"WebPage\",\"@id\":\"https:\\\/\\\/www.antillia.be\\\/blog\\\/de-zingende-ziel-der-dingen\\\/getuigenissen-over-nand-en-sim\\\/1962-1990-a-charge-et-a-decharge\\\/1947-hugo-claus\\\/\",\"url\":\"https:\\\/\\\/www.antillia.be\\\/blog\\\/de-zingende-ziel-der-dingen\\\/getuigenissen-over-nand-en-sim\\\/1962-1990-a-charge-et-a-decharge\\\/1947-hugo-claus\\\/\",\"name\":\"1947 Hugo Claus - Raratonga\",\"isPartOf\":{\"@id\":\"https:\\\/\\\/www.antillia.be\\\/blog\\\/#website\"},\"datePublished\":\"2023-05-05T09:51:05+00:00\",\"dateModified\":\"2026-04-16T21:53:01+00:00\",\"breadcrumb\":{\"@id\":\"https:\\\/\\\/www.antillia.be\\\/blog\\\/de-zingende-ziel-der-dingen\\\/getuigenissen-over-nand-en-sim\\\/1962-1990-a-charge-et-a-decharge\\\/1947-hugo-claus\\\/#breadcrumb\"},\"inLanguage\":\"nl-NL\",\"potentialAction\":[{\"@type\":\"ReadAction\",\"target\":[\"https:\\\/\\\/www.antillia.be\\\/blog\\\/de-zingende-ziel-der-dingen\\\/getuigenissen-over-nand-en-sim\\\/1962-1990-a-charge-et-a-decharge\\\/1947-hugo-claus\\\/\"]}]},{\"@type\":\"BreadcrumbList\",\"@id\":\"https:\\\/\\\/www.antillia.be\\\/blog\\\/de-zingende-ziel-der-dingen\\\/getuigenissen-over-nand-en-sim\\\/1962-1990-a-charge-et-a-decharge\\\/1947-hugo-claus\\\/#breadcrumb\",\"itemListElement\":[{\"@type\":\"ListItem\",\"position\":1,\"name\":\"Home\",\"item\":\"https:\\\/\\\/www.antillia.be\\\/blog\\\/\"},{\"@type\":\"ListItem\",\"position\":2,\"name\":\"De Zingende Ziel der Dingen\",\"item\":\"https:\\\/\\\/www.antillia.be\\\/blog\\\/de-zingende-ziel-der-dingen\\\/\"},{\"@type\":\"ListItem\",\"position\":3,\"name\":\"Getuigenissen over Nand en Sim\",\"item\":\"https:\\\/\\\/www.antillia.be\\\/blog\\\/de-zingende-ziel-der-dingen\\\/getuigenissen-over-nand-en-sim\\\/\"},{\"@type\":\"ListItem\",\"position\":4,\"name\":\"1906 -2019 over Nand: &#8220;\u00e0 charge et \u00e0 d\u00e9charge&#8221;&#8230;\",\"item\":\"https:\\\/\\\/www.antillia.be\\\/blog\\\/de-zingende-ziel-der-dingen\\\/getuigenissen-over-nand-en-sim\\\/1962-1990-a-charge-et-a-decharge\\\/\"},{\"@type\":\"ListItem\",\"position\":5,\"name\":\"1947 Hugo Claus\"}]},{\"@type\":\"WebSite\",\"@id\":\"https:\\\/\\\/www.antillia.be\\\/blog\\\/#website\",\"url\":\"https:\\\/\\\/www.antillia.be\\\/blog\\\/\",\"name\":\"Raratonga\",\"description\":\"Biografie van een liefde\",\"potentialAction\":[{\"@type\":\"SearchAction\",\"target\":{\"@type\":\"EntryPoint\",\"urlTemplate\":\"https:\\\/\\\/www.antillia.be\\\/blog\\\/?s={search_term_string}\"},\"query-input\":{\"@type\":\"PropertyValueSpecification\",\"valueRequired\":true,\"valueName\":\"search_term_string\"}}],\"inLanguage\":\"nl-NL\"}]}<\/script>\n<!-- \/ Yoast SEO plugin. -->","yoast_head_json":{"title":"1947 Hugo Claus - Raratonga","robots":{"index":"index","follow":"follow","max-snippet":"max-snippet:-1","max-image-preview":"max-image-preview:large","max-video-preview":"max-video-preview:-1"},"canonical":"https:\/\/www.antillia.be\/blog\/de-zingende-ziel-der-dingen\/getuigenissen-over-nand-en-sim\/1962-1990-a-charge-et-a-decharge\/1947-hugo-claus\/","og_locale":"nl_NL","og_type":"article","og_title":"1947 Hugo Claus - Raratonga","og_description":"(Nog uit te schrijven. Nands moeder was bevriend met de moeder van\u00a0Ellie Overzier, de eerste echtgenote van Claus, haar gezinswoning bevond zich niet ver van Nands woning toen in Gistel. Zij schonk Nands moeder een exemplaar van Claus\u2019 eerste dichtbundel \u201cKleine Reeks\u201c. Verder ook nog iets over Claus\u2019 oorlogsjaren.)","og_url":"https:\/\/www.antillia.be\/blog\/de-zingende-ziel-der-dingen\/getuigenissen-over-nand-en-sim\/1962-1990-a-charge-et-a-decharge\/1947-hugo-claus\/","og_site_name":"Raratonga","article_modified_time":"2026-04-16T21:53:01+00:00","og_image":[{"width":1291,"height":709,"url":"https:\/\/www.antillia.be\/blog\/wp-content\/uploads\/2020\/03\/Voorpagina-9.jpg","type":"image\/jpeg"}],"twitter_card":"summary_large_image","twitter_misc":{"Geschatte leestijd":"1 minuut"},"schema":{"@context":"https:\/\/schema.org","@graph":[{"@type":"WebPage","@id":"https:\/\/www.antillia.be\/blog\/de-zingende-ziel-der-dingen\/getuigenissen-over-nand-en-sim\/1962-1990-a-charge-et-a-decharge\/1947-hugo-claus\/","url":"https:\/\/www.antillia.be\/blog\/de-zingende-ziel-der-dingen\/getuigenissen-over-nand-en-sim\/1962-1990-a-charge-et-a-decharge\/1947-hugo-claus\/","name":"1947 Hugo Claus - Raratonga","isPartOf":{"@id":"https:\/\/www.antillia.be\/blog\/#website"},"datePublished":"2023-05-05T09:51:05+00:00","dateModified":"2026-04-16T21:53:01+00:00","breadcrumb":{"@id":"https:\/\/www.antillia.be\/blog\/de-zingende-ziel-der-dingen\/getuigenissen-over-nand-en-sim\/1962-1990-a-charge-et-a-decharge\/1947-hugo-claus\/#breadcrumb"},"inLanguage":"nl-NL","potentialAction":[{"@type":"ReadAction","target":["https:\/\/www.antillia.be\/blog\/de-zingende-ziel-der-dingen\/getuigenissen-over-nand-en-sim\/1962-1990-a-charge-et-a-decharge\/1947-hugo-claus\/"]}]},{"@type":"BreadcrumbList","@id":"https:\/\/www.antillia.be\/blog\/de-zingende-ziel-der-dingen\/getuigenissen-over-nand-en-sim\/1962-1990-a-charge-et-a-decharge\/1947-hugo-claus\/#breadcrumb","itemListElement":[{"@type":"ListItem","position":1,"name":"Home","item":"https:\/\/www.antillia.be\/blog\/"},{"@type":"ListItem","position":2,"name":"De Zingende Ziel der Dingen","item":"https:\/\/www.antillia.be\/blog\/de-zingende-ziel-der-dingen\/"},{"@type":"ListItem","position":3,"name":"Getuigenissen over Nand en Sim","item":"https:\/\/www.antillia.be\/blog\/de-zingende-ziel-der-dingen\/getuigenissen-over-nand-en-sim\/"},{"@type":"ListItem","position":4,"name":"1906 -2019 over Nand: &#8220;\u00e0 charge et \u00e0 d\u00e9charge&#8221;&#8230;","item":"https:\/\/www.antillia.be\/blog\/de-zingende-ziel-der-dingen\/getuigenissen-over-nand-en-sim\/1962-1990-a-charge-et-a-decharge\/"},{"@type":"ListItem","position":5,"name":"1947 Hugo Claus"}]},{"@type":"WebSite","@id":"https:\/\/www.antillia.be\/blog\/#website","url":"https:\/\/www.antillia.be\/blog\/","name":"Raratonga","description":"Biografie van een liefde","potentialAction":[{"@type":"SearchAction","target":{"@type":"EntryPoint","urlTemplate":"https:\/\/www.antillia.be\/blog\/?s={search_term_string}"},"query-input":{"@type":"PropertyValueSpecification","valueRequired":true,"valueName":"search_term_string"}}],"inLanguage":"nl-NL"}]}},"jetpack_shortlink":"https:\/\/wp.me\/PbQXZk-2R9","jetpack_sharing_enabled":true,"jetpack_likes_enabled":true,"_links":{"self":[{"href":"https:\/\/www.antillia.be\/blog\/wp-json\/wp\/v2\/pages\/10983","targetHints":{"allow":["GET"]}}],"collection":[{"href":"https:\/\/www.antillia.be\/blog\/wp-json\/wp\/v2\/pages"}],"about":[{"href":"https:\/\/www.antillia.be\/blog\/wp-json\/wp\/v2\/types\/page"}],"author":[{"embeddable":true,"href":"https:\/\/www.antillia.be\/blog\/wp-json\/wp\/v2\/users\/1"}],"replies":[{"embeddable":true,"href":"https:\/\/www.antillia.be\/blog\/wp-json\/wp\/v2\/comments?post=10983"}],"version-history":[{"count":0,"href":"https:\/\/www.antillia.be\/blog\/wp-json\/wp\/v2\/pages\/10983\/revisions"}],"up":[{"embeddable":true,"href":"https:\/\/www.antillia.be\/blog\/wp-json\/wp\/v2\/pages\/1978"}],"wp:attachment":[{"href":"https:\/\/www.antillia.be\/blog\/wp-json\/wp\/v2\/media?parent=10983"}],"curies":[{"name":"wp","href":"https:\/\/api.w.org\/{rel}","templated":true}]}}