{"id":4451,"date":"2019-01-19T08:15:12","date_gmt":"2019-01-19T08:15:12","guid":{"rendered":"https:\/\/www.antillia.be\/blog\/?page_id=4451"},"modified":"2024-03-22T16:42:32","modified_gmt":"2024-03-22T15:42:32","slug":"1939-1940-mobilisatie-briefwisseling","status":"publish","type":"page","link":"https:\/\/www.antillia.be\/blog\/voorgeschiedenis\/nand\/1939-1944-oorlogsjaren\/1939-1940-mobilisatie-briefwisseling\/","title":{"rendered":"1939-1940 Mobilisatie en Briefwisseling"},"content":{"rendered":"<figure id=\"attachment_11087\" aria-describedby=\"caption-attachment-11087\" style=\"width: 209px\" class=\"wp-caption alignnone\"><a class=\"zoooom\" href=\"https:\/\/www.antillia.be\/blog\/wp-content\/uploads\/2023\/05\/Mobilisatie.jpg\"><img decoding=\"async\" class=\"wp-image-11087 size-medium\" src=\"https:\/\/www.antillia.be\/blog\/wp-content\/uploads\/2023\/05\/Mobilisatie-209x300.jpg\" alt=\"\" width=\"209\" height=\"300\" srcset=\"https:\/\/www.antillia.be\/blog\/wp-content\/uploads\/2023\/05\/Mobilisatie-209x300.jpg 209w, https:\/\/www.antillia.be\/blog\/wp-content\/uploads\/2023\/05\/Mobilisatie.jpg 596w\" sizes=\"(max-width: 209px) 100vw, 209px\" \/><\/a><figcaption id=\"caption-attachment-11087\" class=\"wp-caption-text\">Nand mobilisatie 1939\/1940, te velde, waarschijnlijk aan het Albertkanaal. Hij was sergeant, achterzijde: &#8220;herkent gij den langen sergeant?&#8221;.<\/figcaption><\/figure>\n<p>Over zijn mobilisatietijd schreef Nand uitgebreid in zijn Memoires, zie de pagina &#8220;<a href=\"https:\/\/www.antillia.be\/blog\/voorgeschiedenis\/nand\/1939-1949-ridder-dood-en-duivel\/1939-mobilisatie-en-meidagen-1940\/\" target=\"_blank\" rel=\"noopener noreferrer\"><span style=\"color: #0000ff;\">Mobilisatie<\/span><\/a>&#8220;. Daaruit blijkt dat er tijdens deze tijd sprake is van een <a href=\"https:\/\/www.antillia.be\/blog\/voorgeschiedenis\/nand\/1939-1944-oorlogsjaren\/1939-1940-mobilisatie-briefwisseling\/afgebroken-verloving\/\" target=\"_blank\" rel=\"noopener noreferrer\"><span style=\"color: #0000ff;\">&#8220;afgebroken verloving&#8221;, zie aldaar<\/span><\/a>.<br \/>\nHier aandacht voor enkele brieven die hij in die tijd schreef naar het &#8217;thuisfront&#8217;.<\/p>\n<p>Deze periode van april 1939 tot mei 1940 wordt ook wel de &#8220;phoney war&#8221; (zgn &#8220;<a href=\"https:\/\/nl.wikipedia.org\/wiki\/Schemeroorlog\" target=\"_blank\" rel=\"nofollow\"><span style=\"color: #0000ff;\">Schemeroorlog<\/span><\/a>&#8220;) genoemd &#8216;omdat er nauwelijks actie aan het Westelijk front werd ondernomen&#8217;.<\/p>\n<p>+++++++++++++++++++++++<\/p>\n<p>3 november 1939.<br \/>\nEen brief van Nand aan zijn ouders vanuit zijn standplaats in Gent waar hij gelegerd was. Opvallend in deze brief is zijn lofzang op zijn zus Henriette (&#8220;Jet&#8221;) die 3 maanden eerder, op 21 juli 1939 overleden was ten gevolge van kraamkoorts, twee weken na de geboorte van haar tweede zoon (zie de pagina &#8220;<a href=\"https:\/\/www.antillia.be\/blog\/voorgeschiedenis\/nand\/interview-sim-over-familie-nand\/\" target=\"_blank\" rel=\"noopener noreferrer\"><span style=\"color: #0000ff;\">Familie Nand<\/span><\/a>&#8220;). Blijkbaar deden er daarover roddels de ronde, waarvan ik het fijne niet weet&#8230; Opvallend is de handtekening van Nand, waarbij de eerste letter van zijn naam (&#8220;F&#8221; van Fernand) sterk is aangestreept en er als een kruis uitziet, misschien om de nadruk te leggen op de boodschap van zijn brief.<\/p>\n<p>De doorstreping op pagina 1 is ofwel een ingrijpen van de censuur (wegens een militaire verwijzing of naam?), wat zou betekenen dat alle uitgaande post gecontroleerd werd, ofwel een doorstreping van Nand zelf (er lijkt te staan &#8220;indien ik erin slaag <em>mijn kleverigen &#8216;(?)&#8217; af te schudden<\/em>&#8220;) om vooral zijn moeder niet bezorgd te maken).<\/p>\n<p><a href=\"https:\/\/www.antillia.be\/blog\/wp-content\/uploads\/2019\/01\/Brief_0008a.jpg\"><img decoding=\"async\" class=\"alignnone wp-image-4454 size-large zoooom\" src=\"https:\/\/www.antillia.be\/blog\/wp-content\/uploads\/2019\/01\/Brief_0008a-1024x401.jpg\" alt=\"\" width=\"525\" height=\"206\" srcset=\"https:\/\/www.antillia.be\/blog\/wp-content\/uploads\/2019\/01\/Brief_0008a-1024x401.jpg 1024w, https:\/\/www.antillia.be\/blog\/wp-content\/uploads\/2019\/01\/Brief_0008a-300x118.jpg 300w, https:\/\/www.antillia.be\/blog\/wp-content\/uploads\/2019\/01\/Brief_0008a-768x301.jpg 768w, https:\/\/www.antillia.be\/blog\/wp-content\/uploads\/2019\/01\/Brief_0008a.jpg 2048w\" sizes=\"(max-width: 525px) 100vw, 525px\" \/><\/a><\/p>\n<p><em>Gent, den 3.XII.39<\/em><\/p>\n<p><em>Beste ouders,<\/em><br \/>\n<em>Het is zondagmorgen, ik heb zo-even een paar spiegeleieren gegeten en mijn stoof aangestoken. Het is helder weer. Straks ga ik in de stad, er zijn hier n.l. doorlopend schilderij tentoonstellingen. Gelukkig dat ik dat nog heb. Een beetje kontakt met de wereld van de kunst waarbij ik rechtens behoor. Dezen namiddag, indien ik erin slaag, [<\/em>tekst doorstreept]<em> ga ik voor een wandeling langs de Leie.<\/em><br \/>\n<em>Ik weet nog niet precies wanneer ik nog eens naar huis kom, daar de kommandant die de verlofbrieven moet teekenen afwezig is. Het zal in alle geval het einde van deze week of het begin van de volgende zijn.<\/em><br \/>\n<em>Voor wat dat laag-bij-de-grondsch geklets over Jet betreft: wij moeten slechts \u00e9\u00e9n bekommernis hebben: ons er boven te houden. Haar gedachtenis zelf beveelt het. Zij zelf zou zich tegenover dergelijke dingen waardig en koud gedragen hebben. Wij zullen niet in de straat afdalen om met al dat gespuis te onderhandelen. Wij zullen rustig blijven in onze zekerheid dat het leugen is. Wij zullen er ons niet door laten uit het veld slaan of ter neer drukken. Onze waardige stilte zal een kracht zijn waarop de leugen tenslotte zal afschampen. Overigens een rechtgeaard mensch zal weten dat all\u00e9\u00e9n vurige lasteraars en achterbuurt-volk de nagedachtenis van een doode besmeuren tot eigen rechtvaardiging. Alleen de lieden die uit dezelfde stof gesneden zijn: de eerroovers en praatjesventers zullen hun walgelijke waar gaan ronddragen. Voor hen kunnen wij alleen verachting hebben. Zij zullen onze herinnering, onze eeredienst van een schoone doode niet vermogen te storen, verschanst als wij zijn in onze stilte. Zij de levende geruchtmakers, de straatkklappeien, weten niet dat elke verloren doode ons leven rijker maakt en een wijding schenkt die zij niet eens bevroeden. Onze dooden zijn ons schoonste bezit: zij zijn ons meer nabij, wij hebben ze meer lief dan de levenden zelf. Het verlies van wat ons het liefst was is onze schoonste verworvenheid.<\/em><br \/>\n<em>Tusschen de vier kale muren van mijn cel \u2013 als ik eens voor een uurtje bevrijd ben van wachtkloppen en karweien \u2013 denk ik dikwijls aan h\u00e1\u00e1r. En het is vreemd, ik heb het gevoelen dat zij nog leeft, dat zij l\u00e9\u00e9ft wezenlijker dan vroeger, omdat zij bestendig woont in ons. De dooden die schoon geleefd hebben, leven veel langer dan veel levenden. Hun gedachtenis is in ons als een kracht: een beginsel dat macht bezit over ons leven, ons v\u00f3\u00f3r gaat en voortstuwt tegelijk.<\/em><br \/>\n<em>Zeker van dit bewustzijn, moeten wij niet eens treuren. Dit vast te stellen is geen droefheid meer maar de hoogste vreugde. En laat ze dan maar met slijk werpen.<\/em><br \/>\n<em>uw Fernand<\/em><\/p>\n<hr \/>\n<p><a href=\"https:\/\/www.antillia.be\/blog\/wp-content\/uploads\/2019\/04\/Ouders.jpg\"><img decoding=\"async\" class=\"alignnone wp-image-5395 size-medium zoooom\" src=\"https:\/\/www.antillia.be\/blog\/wp-content\/uploads\/2019\/04\/Ouders-228x300.jpg\" alt=\"\" width=\"228\" height=\"300\" srcset=\"https:\/\/www.antillia.be\/blog\/wp-content\/uploads\/2019\/04\/Ouders-228x300.jpg 228w, https:\/\/www.antillia.be\/blog\/wp-content\/uploads\/2019\/04\/Ouders-768x1011.jpg 768w, https:\/\/www.antillia.be\/blog\/wp-content\/uploads\/2019\/04\/Ouders-778x1024.jpg 778w, https:\/\/www.antillia.be\/blog\/wp-content\/uploads\/2019\/04\/Ouders.jpg 978w\" sizes=\"(max-width: 228px) 100vw, 228px\" \/><\/a><\/p>\n<p><em>2.1.40<\/em><br \/>\n<em>Beste ouders,<\/em><br \/>\n<em>Als alles goed gaat kom ik vrijdag af den 6den \u2019s avonds naar huis. Het zal tijd zijn. Dat is hier een echt galeiboeven bestaan. Morgen ben ik van wacht aan \u2019t kanaal voor 24 uur, een dag en een nacht \u2013 en in die ijzige vrieskoude!. Wij hebben gelukkig een gat in den grond, een echt graf waar je met een man of vier in hokken kunt bij een stoof die meer rook geeft dan warmte. Tot overmaat van ongeluk is mijn ijsmuts niet gereed\u2026 En zoo gaan de dagenvoorbij in allerlei kwellende beslommeringen: dit is geen menschwaardig bestaan. Gelukkig is mijn aanvraag ingediend, en door den kommandant verder gezonden, ik hoop maar dat er iets van komt en dat ik algauw naar Gent terug mag. Daar ben ik tenminste 1<sup>ste<\/sup> sergeant\u2026 (\u2019n trapje hooger\u2026)<\/em><br \/>\n<em>Dus tot vrijdagavond! <\/em><br \/>\n<em>uw Fernand.<\/em><\/p>\n<p>(zie een gedetailleerde beschrijving van de toestand die Nand hier weergeeft bij &#8220;<a href=\"https:\/\/www.antillia.be\/blog\/voorgeschiedenis\/nand\/1939-1949-ridder-dood-en-duivel\/1939-mobilisatie-en-meidagen-1940\/#Smook\" target=\"_blank\" rel=\"noopener noreferrer\"><span style=\"color: #0000ff;\">Mobilisatie<\/span><\/a>&#8220;)<\/p>\n<hr \/>\n<p><a id=\"Haardstede\"><\/a>18 december 1939, manuscript van een gedicht geschreven in de Leopoldskazerne te Gent (datering en plaats onderaan). Nand zou het later de titel &#8220;Haardstede&#8221; geven (zie ook wat hij daarover schrijft op de pagina &#8220;<a href=\"https:\/\/www.antillia.be\/blog\/voorgeschiedenis\/nand\/1939-1949-ridder-dood-en-duivel\/1939-mobilisatie-en-meidagen-1940\/#Haardstede\" target=\"_blank\" rel=\"noopener noreferrer\"><span style=\"color: #0000ff;\">1939-1940 Mobilisatie<\/span><\/a>&#8220;). Het gedicht werd geschreven op een lege pagina uit het typoscript van &#8220;<span style=\"color: #000000;\">Ask en Embla<\/span>&#8221; (<a href=\"https:\/\/www.antillia.be\/blog\/voorgeschiedenis\/nand\/1939-1944-oorlogsjaren\/1942-ask-en-embla\/\" target=\"_blank\" rel=\"noopener noreferrer\"><span style=\"color: #0000ff;\">dat hij bijna kwijtspeelde<\/span><\/a>\u00a0tijdens de 18-daagse veldtocht in mei 1940): onderaan in het rood (omgekeerd) de titel &#8220;Embla&#8217;s geboorte&#8221;.<\/p>\n<p><a href=\"https:\/\/www.antillia.be\/blog\/wp-content\/uploads\/2019\/04\/Bereid.jpg\"><img decoding=\"async\" class=\"alignnone wp-image-5390 size-medium zoooom\" src=\"https:\/\/www.antillia.be\/blog\/wp-content\/uploads\/2019\/04\/Bereid-236x300.jpg\" alt=\"\" width=\"236\" height=\"300\" srcset=\"https:\/\/www.antillia.be\/blog\/wp-content\/uploads\/2019\/04\/Bereid-236x300.jpg 236w, https:\/\/www.antillia.be\/blog\/wp-content\/uploads\/2019\/04\/Bereid-768x975.jpg 768w, https:\/\/www.antillia.be\/blog\/wp-content\/uploads\/2019\/04\/Bereid-806x1024.jpg 806w, https:\/\/www.antillia.be\/blog\/wp-content\/uploads\/2019\/04\/Bereid.jpg 1268w\" sizes=\"(max-width: 236px) 100vw, 236px\" \/><\/a><\/p>\n<p><em>&#8220;Roept gij ons te velde, roept gij ons te weer,<\/em><br \/>\n<em>dwingt gij in onze handen \u2019t zware geweer:<\/em><br \/>\n<em>wij zijn bereid.<\/em><br \/>\n<em>En breekt gij alle banden, rooft gij onze rust,<\/em><br \/>\n<em>wij hebben tot afscheid allen gekust,<\/em><br \/>\n<em>wij zijn bereid.<\/em><br \/>\n<em>Want gij zijt onze rust, en gij zijt onze waak;<\/em><br \/>\n<em>gij zijt onze roem, onze grote taak:<\/em><br \/>\n<em>wij zijn bereid.<\/em><br \/>\n<em>Gij stilt onze angst voor den gruwzame dood,<\/em><br \/>\n<em>l\u00e9ven zult gij in der graven schoot!<\/em><br \/>\n<em>wij zijn bereid.<\/em><br \/>\n<em>En wordt ons hart week om een huis en een haard,<\/em><br \/>\n<em>wij blijven te wacht, gij zijt het waard:<\/em><br \/>\n<em>wij zijn bereid!&#8221;<\/em><\/p>\n<p>Het gedicht zou later ook een bewijsstuk &#8216;a d\u00e9charge&#8217; zijn tijdens het proces van Nand, om de rechtbank te overtuigen van zijn &#8216;vaderlandslievende&#8217; inborst, omdat het geschreven was tijdens de mobilisatie. Het was immers ook verschenen in het bataljonsblad toen. Nands vader had het daarom overgeschreven, met bovenaan de vermelding: &#8216;Soldatenblad van het III\/33 &#8211; 11 Februari 1940&#8217; (III verwijst naar het 3de Linieregiment waar Nand gelegerd was):<\/p>\n<p><a href=\"https:\/\/www.antillia.be\/blog\/wp-content\/uploads\/2020\/01\/Haardstede-1-scaled.jpg\"><img decoding=\"async\" class=\"alignnone wp-image-7735 zoooom\" src=\"https:\/\/www.antillia.be\/blog\/wp-content\/uploads\/2020\/01\/Haardstede-1-164x300.jpg\" alt=\"\" width=\"220\" height=\"402\" srcset=\"https:\/\/www.antillia.be\/blog\/wp-content\/uploads\/2020\/01\/Haardstede-1-164x300.jpg 164w, https:\/\/www.antillia.be\/blog\/wp-content\/uploads\/2020\/01\/Haardstede-1-559x1024.jpg 559w, https:\/\/www.antillia.be\/blog\/wp-content\/uploads\/2020\/01\/Haardstede-1-768x1407.jpg 768w, https:\/\/www.antillia.be\/blog\/wp-content\/uploads\/2020\/01\/Haardstede-1-839x1536.jpg 839w, https:\/\/www.antillia.be\/blog\/wp-content\/uploads\/2020\/01\/Haardstede-1-scaled.jpg 1118w\" sizes=\"(max-width: 220px) 100vw, 220px\" \/><\/a><\/p>\n","protected":false},"excerpt":{"rendered":"<p>Over zijn mobilisatietijd schreef Nand uitgebreid in zijn Memoires, zie de pagina &#8220;Mobilisatie&#8220;. Daaruit blijkt dat er tijdens deze tijd sprake is van een &#8220;afgebroken verloving&#8221;, zie aldaar. Hier aandacht voor enkele brieven die hij in die tijd schreef naar het &#8217;thuisfront&#8217;. Deze periode van april 1939 tot mei 1940 wordt ook wel de &#8220;phoney &hellip; <\/p>\n<p class=\"link-more\"><a href=\"https:\/\/www.antillia.be\/blog\/voorgeschiedenis\/nand\/1939-1944-oorlogsjaren\/1939-1940-mobilisatie-briefwisseling\/\" class=\"more-link\">Lees verder <span class=\"screen-reader-text\">&#8220;1939-1940 Mobilisatie en Briefwisseling&#8221;<\/span><\/a><\/p>\n","protected":false},"author":1,"featured_media":0,"parent":5782,"menu_order":41,"comment_status":"open","ping_status":"closed","template":"","meta":{"footnotes":""},"class_list":["post-4451","page","type-page","status-publish","hentry"],"yoast_head":"<!-- This site is optimized with the Yoast SEO plugin v27.5 - https:\/\/yoast.com\/product\/yoast-seo-wordpress\/ -->\n<title>1939-1940 Mobilisatie en Briefwisseling<\/title>\n<meta name=\"robots\" content=\"index, follow, max-snippet:-1, max-image-preview:large, max-video-preview:-1\" \/>\n<link rel=\"canonical\" href=\"https:\/\/www.antillia.be\/blog\/voorgeschiedenis\/nand\/1939-1944-oorlogsjaren\/1939-1940-mobilisatie-briefwisseling\/\" \/>\n<meta property=\"og:locale\" content=\"nl_NL\" \/>\n<meta property=\"og:type\" content=\"article\" \/>\n<meta property=\"og:title\" content=\"1939-1940 Mobilisatie en Briefwisseling\" \/>\n<meta property=\"og:description\" content=\"Over zijn mobilisatietijd schreef Nand uitgebreid in zijn Memoires, zie de pagina &#8220;Mobilisatie&#8220;. Daaruit blijkt dat er tijdens deze tijd sprake is van een &#8220;afgebroken verloving&#8221;, zie aldaar. Hier aandacht voor enkele brieven die hij in die tijd schreef naar het &#8217;thuisfront&#8217;. Deze periode van april 1939 tot mei 1940 wordt ook wel de &#8220;phoney &hellip; Lees verder &quot;1939-1940 Mobilisatie en Briefwisseling&quot;\" \/>\n<meta property=\"og:url\" content=\"https:\/\/www.antillia.be\/blog\/voorgeschiedenis\/nand\/1939-1944-oorlogsjaren\/1939-1940-mobilisatie-briefwisseling\/\" \/>\n<meta property=\"og:site_name\" content=\"Raratonga\" \/>\n<meta property=\"article:modified_time\" content=\"2024-03-22T15:42:32+00:00\" \/>\n<meta property=\"og:image\" content=\"https:\/\/www.antillia.be\/blog\/wp-content\/uploads\/2023\/05\/Mobilisatie-209x300.jpg\" \/>\n<meta name=\"twitter:card\" content=\"summary_large_image\" \/>\n<meta name=\"twitter:label1\" content=\"Geschatte leestijd\" \/>\n\t<meta name=\"twitter:data1\" content=\"7 minuten\" \/>\n<script type=\"application\/ld+json\" class=\"yoast-schema-graph\">{\"@context\":\"https:\\\/\\\/schema.org\",\"@graph\":[{\"@type\":\"WebPage\",\"@id\":\"https:\\\/\\\/www.antillia.be\\\/blog\\\/voorgeschiedenis\\\/nand\\\/1939-1944-oorlogsjaren\\\/1939-1940-mobilisatie-briefwisseling\\\/\",\"url\":\"https:\\\/\\\/www.antillia.be\\\/blog\\\/voorgeschiedenis\\\/nand\\\/1939-1944-oorlogsjaren\\\/1939-1940-mobilisatie-briefwisseling\\\/\",\"name\":\"1939-1940 Mobilisatie en Briefwisseling\",\"isPartOf\":{\"@id\":\"https:\\\/\\\/www.antillia.be\\\/blog\\\/#website\"},\"primaryImageOfPage\":{\"@id\":\"https:\\\/\\\/www.antillia.be\\\/blog\\\/voorgeschiedenis\\\/nand\\\/1939-1944-oorlogsjaren\\\/1939-1940-mobilisatie-briefwisseling\\\/#primaryimage\"},\"image\":{\"@id\":\"https:\\\/\\\/www.antillia.be\\\/blog\\\/voorgeschiedenis\\\/nand\\\/1939-1944-oorlogsjaren\\\/1939-1940-mobilisatie-briefwisseling\\\/#primaryimage\"},\"thumbnailUrl\":\"https:\\\/\\\/www.antillia.be\\\/blog\\\/wp-content\\\/uploads\\\/2023\\\/05\\\/Mobilisatie-209x300.jpg\",\"datePublished\":\"2019-01-19T08:15:12+00:00\",\"dateModified\":\"2024-03-22T15:42:32+00:00\",\"breadcrumb\":{\"@id\":\"https:\\\/\\\/www.antillia.be\\\/blog\\\/voorgeschiedenis\\\/nand\\\/1939-1944-oorlogsjaren\\\/1939-1940-mobilisatie-briefwisseling\\\/#breadcrumb\"},\"inLanguage\":\"nl-NL\",\"potentialAction\":[{\"@type\":\"ReadAction\",\"target\":[\"https:\\\/\\\/www.antillia.be\\\/blog\\\/voorgeschiedenis\\\/nand\\\/1939-1944-oorlogsjaren\\\/1939-1940-mobilisatie-briefwisseling\\\/\"]}]},{\"@type\":\"ImageObject\",\"inLanguage\":\"nl-NL\",\"@id\":\"https:\\\/\\\/www.antillia.be\\\/blog\\\/voorgeschiedenis\\\/nand\\\/1939-1944-oorlogsjaren\\\/1939-1940-mobilisatie-briefwisseling\\\/#primaryimage\",\"url\":\"https:\\\/\\\/www.antillia.be\\\/blog\\\/wp-content\\\/uploads\\\/2023\\\/05\\\/Mobilisatie.jpg\",\"contentUrl\":\"https:\\\/\\\/www.antillia.be\\\/blog\\\/wp-content\\\/uploads\\\/2023\\\/05\\\/Mobilisatie.jpg\",\"width\":596,\"height\":856,\"caption\":\"Nand mobilisatie 1939:1940, te velde, waarschijnlijk aan het Albertkanaal. Hij was sergeant, achterzijde: \\\"herkent gij den langen sergeant?\\\".\"},{\"@type\":\"BreadcrumbList\",\"@id\":\"https:\\\/\\\/www.antillia.be\\\/blog\\\/voorgeschiedenis\\\/nand\\\/1939-1944-oorlogsjaren\\\/1939-1940-mobilisatie-briefwisseling\\\/#breadcrumb\",\"itemListElement\":[{\"@type\":\"ListItem\",\"position\":1,\"name\":\"Home\",\"item\":\"https:\\\/\\\/www.antillia.be\\\/blog\\\/\"},{\"@type\":\"ListItem\",\"position\":2,\"name\":\"Voorgeschiedenis\",\"item\":\"https:\\\/\\\/www.antillia.be\\\/blog\\\/voorgeschiedenis\\\/\"},{\"@type\":\"ListItem\",\"position\":3,\"name\":\"Nand &#8211; Bio\",\"item\":\"https:\\\/\\\/www.antillia.be\\\/blog\\\/voorgeschiedenis\\\/nand\\\/\"},{\"@type\":\"ListItem\",\"position\":4,\"name\":\"1939-1944 Oorlogsjaren\",\"item\":\"https:\\\/\\\/www.antillia.be\\\/blog\\\/voorgeschiedenis\\\/nand\\\/1939-1944-oorlogsjaren\\\/\"},{\"@type\":\"ListItem\",\"position\":5,\"name\":\"1939-1940 Mobilisatie en Briefwisseling\"}]},{\"@type\":\"WebSite\",\"@id\":\"https:\\\/\\\/www.antillia.be\\\/blog\\\/#website\",\"url\":\"https:\\\/\\\/www.antillia.be\\\/blog\\\/\",\"name\":\"Raratonga\",\"description\":\"Biografie van een liefde\",\"potentialAction\":[{\"@type\":\"SearchAction\",\"target\":{\"@type\":\"EntryPoint\",\"urlTemplate\":\"https:\\\/\\\/www.antillia.be\\\/blog\\\/?s={search_term_string}\"},\"query-input\":{\"@type\":\"PropertyValueSpecification\",\"valueRequired\":true,\"valueName\":\"search_term_string\"}}],\"inLanguage\":\"nl-NL\"}]}<\/script>\n<!-- \/ Yoast SEO plugin. -->","yoast_head_json":{"title":"1939-1940 Mobilisatie en Briefwisseling","robots":{"index":"index","follow":"follow","max-snippet":"max-snippet:-1","max-image-preview":"max-image-preview:large","max-video-preview":"max-video-preview:-1"},"canonical":"https:\/\/www.antillia.be\/blog\/voorgeschiedenis\/nand\/1939-1944-oorlogsjaren\/1939-1940-mobilisatie-briefwisseling\/","og_locale":"nl_NL","og_type":"article","og_title":"1939-1940 Mobilisatie en Briefwisseling","og_description":"Over zijn mobilisatietijd schreef Nand uitgebreid in zijn Memoires, zie de pagina &#8220;Mobilisatie&#8220;. Daaruit blijkt dat er tijdens deze tijd sprake is van een &#8220;afgebroken verloving&#8221;, zie aldaar. Hier aandacht voor enkele brieven die hij in die tijd schreef naar het &#8217;thuisfront&#8217;. Deze periode van april 1939 tot mei 1940 wordt ook wel de &#8220;phoney &hellip; Lees verder \"1939-1940 Mobilisatie en Briefwisseling\"","og_url":"https:\/\/www.antillia.be\/blog\/voorgeschiedenis\/nand\/1939-1944-oorlogsjaren\/1939-1940-mobilisatie-briefwisseling\/","og_site_name":"Raratonga","article_modified_time":"2024-03-22T15:42:32+00:00","og_image":[{"url":"https:\/\/www.antillia.be\/blog\/wp-content\/uploads\/2023\/05\/Mobilisatie-209x300.jpg","type":"","width":"","height":""}],"twitter_card":"summary_large_image","twitter_misc":{"Geschatte leestijd":"7 minuten"},"schema":{"@context":"https:\/\/schema.org","@graph":[{"@type":"WebPage","@id":"https:\/\/www.antillia.be\/blog\/voorgeschiedenis\/nand\/1939-1944-oorlogsjaren\/1939-1940-mobilisatie-briefwisseling\/","url":"https:\/\/www.antillia.be\/blog\/voorgeschiedenis\/nand\/1939-1944-oorlogsjaren\/1939-1940-mobilisatie-briefwisseling\/","name":"1939-1940 Mobilisatie en Briefwisseling","isPartOf":{"@id":"https:\/\/www.antillia.be\/blog\/#website"},"primaryImageOfPage":{"@id":"https:\/\/www.antillia.be\/blog\/voorgeschiedenis\/nand\/1939-1944-oorlogsjaren\/1939-1940-mobilisatie-briefwisseling\/#primaryimage"},"image":{"@id":"https:\/\/www.antillia.be\/blog\/voorgeschiedenis\/nand\/1939-1944-oorlogsjaren\/1939-1940-mobilisatie-briefwisseling\/#primaryimage"},"thumbnailUrl":"https:\/\/www.antillia.be\/blog\/wp-content\/uploads\/2023\/05\/Mobilisatie-209x300.jpg","datePublished":"2019-01-19T08:15:12+00:00","dateModified":"2024-03-22T15:42:32+00:00","breadcrumb":{"@id":"https:\/\/www.antillia.be\/blog\/voorgeschiedenis\/nand\/1939-1944-oorlogsjaren\/1939-1940-mobilisatie-briefwisseling\/#breadcrumb"},"inLanguage":"nl-NL","potentialAction":[{"@type":"ReadAction","target":["https:\/\/www.antillia.be\/blog\/voorgeschiedenis\/nand\/1939-1944-oorlogsjaren\/1939-1940-mobilisatie-briefwisseling\/"]}]},{"@type":"ImageObject","inLanguage":"nl-NL","@id":"https:\/\/www.antillia.be\/blog\/voorgeschiedenis\/nand\/1939-1944-oorlogsjaren\/1939-1940-mobilisatie-briefwisseling\/#primaryimage","url":"https:\/\/www.antillia.be\/blog\/wp-content\/uploads\/2023\/05\/Mobilisatie.jpg","contentUrl":"https:\/\/www.antillia.be\/blog\/wp-content\/uploads\/2023\/05\/Mobilisatie.jpg","width":596,"height":856,"caption":"Nand mobilisatie 1939:1940, te velde, waarschijnlijk aan het Albertkanaal. Hij was sergeant, achterzijde: \"herkent gij den langen sergeant?\"."},{"@type":"BreadcrumbList","@id":"https:\/\/www.antillia.be\/blog\/voorgeschiedenis\/nand\/1939-1944-oorlogsjaren\/1939-1940-mobilisatie-briefwisseling\/#breadcrumb","itemListElement":[{"@type":"ListItem","position":1,"name":"Home","item":"https:\/\/www.antillia.be\/blog\/"},{"@type":"ListItem","position":2,"name":"Voorgeschiedenis","item":"https:\/\/www.antillia.be\/blog\/voorgeschiedenis\/"},{"@type":"ListItem","position":3,"name":"Nand &#8211; Bio","item":"https:\/\/www.antillia.be\/blog\/voorgeschiedenis\/nand\/"},{"@type":"ListItem","position":4,"name":"1939-1944 Oorlogsjaren","item":"https:\/\/www.antillia.be\/blog\/voorgeschiedenis\/nand\/1939-1944-oorlogsjaren\/"},{"@type":"ListItem","position":5,"name":"1939-1940 Mobilisatie en Briefwisseling"}]},{"@type":"WebSite","@id":"https:\/\/www.antillia.be\/blog\/#website","url":"https:\/\/www.antillia.be\/blog\/","name":"Raratonga","description":"Biografie van een liefde","potentialAction":[{"@type":"SearchAction","target":{"@type":"EntryPoint","urlTemplate":"https:\/\/www.antillia.be\/blog\/?s={search_term_string}"},"query-input":{"@type":"PropertyValueSpecification","valueRequired":true,"valueName":"search_term_string"}}],"inLanguage":"nl-NL"}]}},"jetpack_shortlink":"https:\/\/wp.me\/PbQXZk-19N","jetpack_sharing_enabled":true,"jetpack_likes_enabled":true,"_links":{"self":[{"href":"https:\/\/www.antillia.be\/blog\/wp-json\/wp\/v2\/pages\/4451","targetHints":{"allow":["GET"]}}],"collection":[{"href":"https:\/\/www.antillia.be\/blog\/wp-json\/wp\/v2\/pages"}],"about":[{"href":"https:\/\/www.antillia.be\/blog\/wp-json\/wp\/v2\/types\/page"}],"author":[{"embeddable":true,"href":"https:\/\/www.antillia.be\/blog\/wp-json\/wp\/v2\/users\/1"}],"replies":[{"embeddable":true,"href":"https:\/\/www.antillia.be\/blog\/wp-json\/wp\/v2\/comments?post=4451"}],"version-history":[{"count":0,"href":"https:\/\/www.antillia.be\/blog\/wp-json\/wp\/v2\/pages\/4451\/revisions"}],"up":[{"embeddable":true,"href":"https:\/\/www.antillia.be\/blog\/wp-json\/wp\/v2\/pages\/5782"}],"wp:attachment":[{"href":"https:\/\/www.antillia.be\/blog\/wp-json\/wp\/v2\/media?parent=4451"}],"curies":[{"name":"wp","href":"https:\/\/api.w.org\/{rel}","templated":true}]}}