{"id":6304,"date":"2019-05-03T12:19:57","date_gmt":"2019-05-03T10:19:57","guid":{"rendered":"https:\/\/www.antillia.be\/blog\/?page_id=6304"},"modified":"2019-12-19T02:55:05","modified_gmt":"2019-12-19T01:55:05","slug":"biografieen-studies-offline-online","status":"publish","type":"page","link":"https:\/\/www.antillia.be\/blog\/de-zingende-ziel-der-dingen\/getuigenissen-over-nand-en-sim\/1962-1990-a-charge-et-a-decharge\/biografieen-studies-offline-online\/","title":{"rendered":"Biografie\u00ebn Studies offline\/online"},"content":{"rendered":"","protected":false},"excerpt":{"rendered":"","protected":false},"author":1,"featured_media":0,"parent":1978,"menu_order":237,"comment_status":"open","ping_status":"closed","template":"","meta":{"footnotes":""},"class_list":["post-6304","page","type-page","status-publish","hentry"],"yoast_head":"<!-- This site is optimized with the Yoast SEO plugin v27.5 - https:\/\/yoast.com\/product\/yoast-seo-wordpress\/ -->\n<title>Biografie\u00ebn Studies offline\/online - Raratonga<\/title>\n<meta name=\"robots\" content=\"index, follow, max-snippet:-1, max-image-preview:large, max-video-preview:-1\" \/>\n<link rel=\"canonical\" href=\"https:\/\/www.antillia.be\/blog\/de-zingende-ziel-der-dingen\/getuigenissen-over-nand-en-sim\/1962-1990-a-charge-et-a-decharge\/biografieen-studies-offline-online\/\" \/>\n<meta property=\"og:locale\" content=\"nl_NL\" \/>\n<meta property=\"og:type\" content=\"article\" \/>\n<meta property=\"og:title\" content=\"Biografie\u00ebn Studies offline\/online - Raratonga\" \/>\n<meta property=\"og:url\" content=\"https:\/\/www.antillia.be\/blog\/de-zingende-ziel-der-dingen\/getuigenissen-over-nand-en-sim\/1962-1990-a-charge-et-a-decharge\/biografieen-studies-offline-online\/\" \/>\n<meta property=\"og:site_name\" content=\"Raratonga\" \/>\n<meta property=\"article:modified_time\" content=\"2019-12-19T01:55:05+00:00\" \/>\n<meta property=\"og:image\" content=\"https:\/\/www.antillia.be\/blog\/wp-content\/uploads\/2020\/03\/Voorpagina-9.jpg\" \/>\n\t<meta property=\"og:image:width\" content=\"1291\" \/>\n\t<meta property=\"og:image:height\" content=\"709\" \/>\n\t<meta property=\"og:image:type\" content=\"image\/jpeg\" \/>\n<meta name=\"twitter:card\" content=\"summary_large_image\" \/>\n<script type=\"application\/ld+json\" class=\"yoast-schema-graph\">{\"@context\":\"https:\\\/\\\/schema.org\",\"@graph\":[{\"@type\":\"WebPage\",\"@id\":\"https:\\\/\\\/www.antillia.be\\\/blog\\\/de-zingende-ziel-der-dingen\\\/getuigenissen-over-nand-en-sim\\\/1962-1990-a-charge-et-a-decharge\\\/biografieen-studies-offline-online\\\/\",\"url\":\"https:\\\/\\\/www.antillia.be\\\/blog\\\/de-zingende-ziel-der-dingen\\\/getuigenissen-over-nand-en-sim\\\/1962-1990-a-charge-et-a-decharge\\\/biografieen-studies-offline-online\\\/\",\"name\":\"Biografie\u00ebn Studies offline\\\/online - Raratonga\",\"isPartOf\":{\"@id\":\"https:\\\/\\\/www.antillia.be\\\/blog\\\/#website\"},\"datePublished\":\"2019-05-03T10:19:57+00:00\",\"dateModified\":\"2019-12-19T01:55:05+00:00\",\"breadcrumb\":{\"@id\":\"https:\\\/\\\/www.antillia.be\\\/blog\\\/de-zingende-ziel-der-dingen\\\/getuigenissen-over-nand-en-sim\\\/1962-1990-a-charge-et-a-decharge\\\/biografieen-studies-offline-online\\\/#breadcrumb\"},\"inLanguage\":\"nl-NL\",\"potentialAction\":[{\"@type\":\"ReadAction\",\"target\":[\"https:\\\/\\\/www.antillia.be\\\/blog\\\/de-zingende-ziel-der-dingen\\\/getuigenissen-over-nand-en-sim\\\/1962-1990-a-charge-et-a-decharge\\\/biografieen-studies-offline-online\\\/\"]}]},{\"@type\":\"BreadcrumbList\",\"@id\":\"https:\\\/\\\/www.antillia.be\\\/blog\\\/de-zingende-ziel-der-dingen\\\/getuigenissen-over-nand-en-sim\\\/1962-1990-a-charge-et-a-decharge\\\/biografieen-studies-offline-online\\\/#breadcrumb\",\"itemListElement\":[{\"@type\":\"ListItem\",\"position\":1,\"name\":\"Home\",\"item\":\"https:\\\/\\\/www.antillia.be\\\/blog\\\/\"},{\"@type\":\"ListItem\",\"position\":2,\"name\":\"De Zingende Ziel der Dingen\",\"item\":\"https:\\\/\\\/www.antillia.be\\\/blog\\\/de-zingende-ziel-der-dingen\\\/\"},{\"@type\":\"ListItem\",\"position\":3,\"name\":\"Getuigenissen over Nand en Sim\",\"item\":\"https:\\\/\\\/www.antillia.be\\\/blog\\\/de-zingende-ziel-der-dingen\\\/getuigenissen-over-nand-en-sim\\\/\"},{\"@type\":\"ListItem\",\"position\":4,\"name\":\"1906 -2019 over Nand: &#8220;\u00e0 charge et \u00e0 d\u00e9charge&#8221;&#8230;\",\"item\":\"https:\\\/\\\/www.antillia.be\\\/blog\\\/de-zingende-ziel-der-dingen\\\/getuigenissen-over-nand-en-sim\\\/1962-1990-a-charge-et-a-decharge\\\/\"},{\"@type\":\"ListItem\",\"position\":5,\"name\":\"Biografie\u00ebn Studies offline\\\/online\"}]},{\"@type\":\"WebSite\",\"@id\":\"https:\\\/\\\/www.antillia.be\\\/blog\\\/#website\",\"url\":\"https:\\\/\\\/www.antillia.be\\\/blog\\\/\",\"name\":\"Raratonga\",\"description\":\"Biografie van een liefde\",\"potentialAction\":[{\"@type\":\"SearchAction\",\"target\":{\"@type\":\"EntryPoint\",\"urlTemplate\":\"https:\\\/\\\/www.antillia.be\\\/blog\\\/?s={search_term_string}\"},\"query-input\":{\"@type\":\"PropertyValueSpecification\",\"valueRequired\":true,\"valueName\":\"search_term_string\"}}],\"inLanguage\":\"nl-NL\"}]}<\/script>\n<!-- \/ Yoast SEO plugin. -->","yoast_head_json":{"title":"Biografie\u00ebn Studies offline\/online - Raratonga","robots":{"index":"index","follow":"follow","max-snippet":"max-snippet:-1","max-image-preview":"max-image-preview:large","max-video-preview":"max-video-preview:-1"},"canonical":"https:\/\/www.antillia.be\/blog\/de-zingende-ziel-der-dingen\/getuigenissen-over-nand-en-sim\/1962-1990-a-charge-et-a-decharge\/biografieen-studies-offline-online\/","og_locale":"nl_NL","og_type":"article","og_title":"Biografie\u00ebn Studies offline\/online - Raratonga","og_url":"https:\/\/www.antillia.be\/blog\/de-zingende-ziel-der-dingen\/getuigenissen-over-nand-en-sim\/1962-1990-a-charge-et-a-decharge\/biografieen-studies-offline-online\/","og_site_name":"Raratonga","article_modified_time":"2019-12-19T01:55:05+00:00","og_image":[{"width":1291,"height":709,"url":"https:\/\/www.antillia.be\/blog\/wp-content\/uploads\/2020\/03\/Voorpagina-9.jpg","type":"image\/jpeg"}],"twitter_card":"summary_large_image","schema":{"@context":"https:\/\/schema.org","@graph":[{"@type":"WebPage","@id":"https:\/\/www.antillia.be\/blog\/de-zingende-ziel-der-dingen\/getuigenissen-over-nand-en-sim\/1962-1990-a-charge-et-a-decharge\/biografieen-studies-offline-online\/","url":"https:\/\/www.antillia.be\/blog\/de-zingende-ziel-der-dingen\/getuigenissen-over-nand-en-sim\/1962-1990-a-charge-et-a-decharge\/biografieen-studies-offline-online\/","name":"Biografie\u00ebn Studies offline\/online - Raratonga","isPartOf":{"@id":"https:\/\/www.antillia.be\/blog\/#website"},"datePublished":"2019-05-03T10:19:57+00:00","dateModified":"2019-12-19T01:55:05+00:00","breadcrumb":{"@id":"https:\/\/www.antillia.be\/blog\/de-zingende-ziel-der-dingen\/getuigenissen-over-nand-en-sim\/1962-1990-a-charge-et-a-decharge\/biografieen-studies-offline-online\/#breadcrumb"},"inLanguage":"nl-NL","potentialAction":[{"@type":"ReadAction","target":["https:\/\/www.antillia.be\/blog\/de-zingende-ziel-der-dingen\/getuigenissen-over-nand-en-sim\/1962-1990-a-charge-et-a-decharge\/biografieen-studies-offline-online\/"]}]},{"@type":"BreadcrumbList","@id":"https:\/\/www.antillia.be\/blog\/de-zingende-ziel-der-dingen\/getuigenissen-over-nand-en-sim\/1962-1990-a-charge-et-a-decharge\/biografieen-studies-offline-online\/#breadcrumb","itemListElement":[{"@type":"ListItem","position":1,"name":"Home","item":"https:\/\/www.antillia.be\/blog\/"},{"@type":"ListItem","position":2,"name":"De Zingende Ziel der Dingen","item":"https:\/\/www.antillia.be\/blog\/de-zingende-ziel-der-dingen\/"},{"@type":"ListItem","position":3,"name":"Getuigenissen over Nand en Sim","item":"https:\/\/www.antillia.be\/blog\/de-zingende-ziel-der-dingen\/getuigenissen-over-nand-en-sim\/"},{"@type":"ListItem","position":4,"name":"1906 -2019 over Nand: &#8220;\u00e0 charge et \u00e0 d\u00e9charge&#8221;&#8230;","item":"https:\/\/www.antillia.be\/blog\/de-zingende-ziel-der-dingen\/getuigenissen-over-nand-en-sim\/1962-1990-a-charge-et-a-decharge\/"},{"@type":"ListItem","position":5,"name":"Biografie\u00ebn Studies offline\/online"}]},{"@type":"WebSite","@id":"https:\/\/www.antillia.be\/blog\/#website","url":"https:\/\/www.antillia.be\/blog\/","name":"Raratonga","description":"Biografie van een liefde","potentialAction":[{"@type":"SearchAction","target":{"@type":"EntryPoint","urlTemplate":"https:\/\/www.antillia.be\/blog\/?s={search_term_string}"},"query-input":{"@type":"PropertyValueSpecification","valueRequired":true,"valueName":"search_term_string"}}],"inLanguage":"nl-NL"}]}},"jetpack_shortlink":"https:\/\/wp.me\/PbQXZk-1DG","jetpack_sharing_enabled":true,"jetpack_likes_enabled":true,"_links":{"self":[{"href":"https:\/\/www.antillia.be\/blog\/wp-json\/wp\/v2\/pages\/6304","targetHints":{"allow":["GET"]}}],"collection":[{"href":"https:\/\/www.antillia.be\/blog\/wp-json\/wp\/v2\/pages"}],"about":[{"href":"https:\/\/www.antillia.be\/blog\/wp-json\/wp\/v2\/types\/page"}],"author":[{"embeddable":true,"href":"https:\/\/www.antillia.be\/blog\/wp-json\/wp\/v2\/users\/1"}],"replies":[{"embeddable":true,"href":"https:\/\/www.antillia.be\/blog\/wp-json\/wp\/v2\/comments?post=6304"}],"version-history":[{"count":0,"href":"https:\/\/www.antillia.be\/blog\/wp-json\/wp\/v2\/pages\/6304\/revisions"}],"up":[{"embeddable":true,"href":"https:\/\/www.antillia.be\/blog\/wp-json\/wp\/v2\/pages\/1978"}],"wp:attachment":[{"href":"https:\/\/www.antillia.be\/blog\/wp-json\/wp\/v2\/media?parent=6304"}],"curies":[{"name":"wp","href":"https:\/\/api.w.org\/{rel}","templated":true}]}}