{"id":9378,"date":"2020-11-08T19:53:34","date_gmt":"2020-11-08T18:53:34","guid":{"rendered":"https:\/\/www.antillia.be\/blog\/?page_id=9378"},"modified":"2023-05-13T04:12:23","modified_gmt":"2023-05-13T02:12:23","slug":"1992-jozef-deleu","status":"publish","type":"page","link":"https:\/\/www.antillia.be\/blog\/de-zingende-ziel-der-dingen\/getuigenissen-over-nand-en-sim\/1962-1990-a-charge-et-a-decharge\/1992-jozef-deleu\/","title":{"rendered":"1992 Jozef Deleu &#8211; Erik Verstraete"},"content":{"rendered":"<p>In 1992 schreef Sim een brief aan <a href=\"https:\/\/nl.wikipedia.org\/wiki\/Jozef_Deleu\" target=\"_blank\" rel=\"noopener noreferrer nofollow\"><span style=\"color: #0000ff;\">Jozef Deleu<\/span><\/a> (\u00b01937), dichter, schrijver en bloemlezer, met de vraag of hij geen po\u00ebzie van Nand kon opnemen in zijn &#8220;<i>Groot Verzenboek, vijfhonderd gedichten over leven, liefde en dood&#8221;.\u00a0<\/i>Deleu antwoordde negatief.<\/p>\n<p>Sim schreef hierover in &#8220;Brieven aan Nand&#8221;:<\/p>\n<p><em>&#8220;In het Groot Verzenboek van Deleu werd ook de naam vergeten. Ik heb de samensteller een schrijven gezonden en hem herinnerd aan de teruggezonden bundel jaren geleden met de vermelding \u201cte onbelangrijk om te bespreken\u2026\u201d. Pips heeft er toen erg onder geleden.&#8221;<\/em><\/p>\n<p><em>&#8220;J. Deleu\u00a0heeft mijn brief beantwoord, zonder verontschuldigen zich beroepend op zijn persoonlijke mening. Ik denk dat de wijze raad van Pips: \u201claat alle kritiek over je heen gaan, puur eruit wat waar is en voor de rest verloochen jezelf niet\u201d. Soms herhaalde hij ook het Frans gezegde: \u201cLes chiens aboient, la caravane passe\u2026\u201d<\/em><\/p>\n<p>Hieronder de bewuste brief van Deleu:<\/p>\n<p><a href=\"https:\/\/www.antillia.be\/blog\/wp-content\/uploads\/2020\/11\/Deleu-1.jpg\"><img decoding=\"async\" class=\"alignnone size-medium wp-image-9384 zoooom\" src=\"https:\/\/www.antillia.be\/blog\/wp-content\/uploads\/2020\/11\/Deleu-1-211x300.jpg\" alt=\"\" width=\"211\" height=\"300\" srcset=\"https:\/\/www.antillia.be\/blog\/wp-content\/uploads\/2020\/11\/Deleu-1-211x300.jpg 211w, https:\/\/www.antillia.be\/blog\/wp-content\/uploads\/2020\/11\/Deleu-1-721x1024.jpg 721w, https:\/\/www.antillia.be\/blog\/wp-content\/uploads\/2020\/11\/Deleu-1-768x1090.jpg 768w, https:\/\/www.antillia.be\/blog\/wp-content\/uploads\/2020\/11\/Deleu-1-1082x1536.jpg 1082w, https:\/\/www.antillia.be\/blog\/wp-content\/uploads\/2020\/11\/Deleu-1.jpg 1199w\" sizes=\"(max-width: 211px) 100vw, 211px\" \/><\/a><\/p>\n<p><em>&#8220;Zeer Geachte Mevrouw,<\/em><\/p>\n<p><em>Ik dank u vriendelijk voor uw schrijven van heden dat ik via uitgeverij Lannoo mocht ontvangen en voor de bundel DE ZEVEN ZEEEN met de vriendelijke opdracht.<\/em><\/p>\n<p><em>In het GROOT VERZENBOEK,5e druk, werd inderdaad geen gedicht opgenomen van wijlen Ferdinand Vercnocke. Ook in de eerdere edities gebeurde dat niet. In het totaal werden slechts een beperkt aantal dichters opgenomen en het is werkelijk onmogelijk in een totaal van 500 gedichten iedereen aan bod te laten komen.<\/em><\/p>\n<p><em>Ik kan me voorstellen dat dit niet prettig kan zijn, maar ik geloof dat wie ervaring heeft met bloemlezingen zich daar zondermeer moet bij neer kunnen leggen. De bloemlezer kiest in eer en geweten en hij alleen is verantwoordelijk voor die keuze. Ik neem die verantwoordelijkheid en daar bovenop vanzelfsprekend de wrevel die mijn keuze bij sommigen kan opwekken.<\/em><\/p>\n<p><em>Met vriendelijke groeten en dank voor uw schrijven,<\/em><br \/>\n<em>Uw<\/em><br \/>\n<em>Jozef Deleu&#8221;<\/em><\/p>\n<hr \/>\n<p>Recensie over het &#8220;Groot Verzenboek&#8221; door <a href=\"https:\/\/www.nederlandsepoezie.org\/dichters\/v\/verstraete.html\" target=\"_blank\" rel=\"noopener noreferrer nofollow\"><span style=\"color: #0000ff;\">Erik Verstraete<\/span> <\/a>(1944-2016), journalist, dichter en essayist van Vlaams-nationalistische strekking. Vandaar dat het niet verwonderlijk is dat hij in zijn bespreking betreurt dat er geen verzen van Nand werden opgenomen (passages blauw ingekleurd). Verschenen in &#8220;De Gazet van Antwerpen&#8221;, 1992:<\/p>\n<p><a href=\"https:\/\/www.antillia.be\/blog\/wp-content\/uploads\/2020\/11\/Deleu8.jpg\"><img decoding=\"async\" class=\"alignnone size-medium wp-image-9391 zoooom\" src=\"https:\/\/www.antillia.be\/blog\/wp-content\/uploads\/2020\/11\/Deleu8-230x300.jpg\" alt=\"\" width=\"230\" height=\"300\" srcset=\"https:\/\/www.antillia.be\/blog\/wp-content\/uploads\/2020\/11\/Deleu8-230x300.jpg 230w, https:\/\/www.antillia.be\/blog\/wp-content\/uploads\/2020\/11\/Deleu8-784x1024.jpg 784w, https:\/\/www.antillia.be\/blog\/wp-content\/uploads\/2020\/11\/Deleu8-768x1002.jpg 768w, https:\/\/www.antillia.be\/blog\/wp-content\/uploads\/2020\/11\/Deleu8.jpg 963w\" sizes=\"(max-width: 230px) 100vw, 230px\" \/><\/a><\/p>\n<p><em>Jozef Deleu, Hans Warren en Rudolf van de Perre<br \/>\n<\/em><strong>Bloemlezingen voor liefhebbers en &#8216;gebruikers&#8217;<\/strong><\/p>\n<p>Al wordt de po\u00ebzie doorgaans voorgesteld als he &#8220;zwakke broertje\u201d van de literatuur, toch is er altijd weer belangstelling voor gedichten. Er zijn in Vlaanderen m\u00e9\u00e9r po\u00ebzielezers \u00e9n &#8220;gebruikers&#8221; \u2014 die speuren naar gelegenheidsgedichten voor doodsprentjes e.a. \u2014 dan men soms denkt. Bloemlezingen krijgen daarom veel aandacht.<\/p>\n<p>Uit het recente aanbod van nieuwe bloemlezingen treden er drie op de voorgrond, twee Vlaamse en \u00e9\u00e9n Noordnederlandse, die onderling zeer verschillen naar inhoud en opzet: het &#8220;Groot Verzenboek\u201d van Jozef Deleu, de \u201dSpiegel van de Moderne Nederlandse Po\u00ebzie&#8221; van de Noordnederlandse dichter en essayist Hans Warren en \u201dWoorden om wakker te lezen\u201d van Rudlf van de Perre.<\/p>\n<p><em><strong>Thematische gids<\/strong><\/em><\/p>\n<p>Dat gedichten mensen blijven boeien en zelfs voor commerci\u00eble uitgaven zorgen blijkt o.m. uit het blijvende succes van het &#8220;Groot Gezinsverzenboek\u201d uit 1976 van Jozef Deleu, waarvan in vier drukken 20.000 exemplaren verkocht werden. Onlangs verscheen een vijfde, geheel herziene druk van dit Lannoo-boek, met als nieuwe titel \u201dGroot Verzenboek\u201d, op royaler formaat dan voordien en in een bijzonder verzorgde uitvoering.<\/p>\n<p>Tussen deze &#8220;500 gedichten over leven, liefde en dood\u201d treffen we klassieke gedichten aan van de grootste Zuid- en Noordnederlandse dichters van de 20ste eeuw, naast heel wat jongeren en &#8220;mindere goden&#8221;. Deleu heeft echter ook verzen opgenomen van Gezelle, Gorter, J.H. Leopold en Verwey, dus nog uit de 19de eeuw. Het voornaamste voordeel van deze anthologie is de thematische opbouw in zeven afdelingen, rondom de grote thema&#8217;s van het leven van ieder mens: &#8220;Verwachting en geboorte. Vader en moeder&#8221;; &#8220;Het kind. De jaren van de jeugd\u201d; &#8220;Het leven ontwaakt. De liefde&#8221;, \u201dMan en vrouw. Het samenleven. Het huwelijk. De vriendschap&#8221;; &#8220;Het ouderhuis en de herinnering eraan&#8221;; &#8220;Het grote leven. De vragen. De pijn&#8221;; &#8220;Eenzaamheid. Ziekte. Dood\u201d. Een gids voor alle mogelijke gelegenheden.<\/p>\n<p><span style=\"color: #0000ff;\">Toch is deze keuze subjectief en werden van bepaalde voorname dichters te weinig of g\u00e9\u00e9n verzen opgenomen: bv. slechts \u00e9\u00e9n van Alice Nahon (toch geschikte gelegenheidspo\u00ebzie); \u00e9\u00e9n van Wies Moens en geen enkel van Ferdinand Vercnocke<\/span>. Om maar die drie te noemen. Anderzijds nam Deleu, bij zijn nieuwe gedichten in deze uitgave verzen op van soms onbekende Noordnederlanders, zeker in Vlaanderen.<\/p>\n<p><strong><em>T\u00e9 Noordnederlands<\/em><\/strong><\/p>\n<p>Een echt volumineuze gids door po\u00ebzieland is de &#8220;Spiegel van de moderne Nederlandse po\u00ebzie&#8221; van Hans Warren, met omzeggens 800 gedichten, waarvan de grote meerderheid van Noordnederlandse oorsprong. Ze werd gepubliceerd door Meulenhoff-Kritak. <span style=\"color: #0000ff;\">Vercnocke en Moens ontbreken hier weer, evenals Ren\u00e9 Verbeeck, al staan Alice Nahon en Bert Peleman er wel in, elk met \u00e9\u00e9n gedicht<\/span>. Deze bloemlezing is chronologisch op gebouwd, van Gezelle tot de jonge Peter Ghyssaert. Het is reeds een zesde editie sinds 1979. Voorganger van ervan was de \u201dSpiegel van de Nederlandse Po\u00ebzie\u201d van Victor E. van Vriesland (1939). Hans Warren noemt zijn keuze &#8220;veel strenger\u201d en is tevreden dat ze nu geheel zelfstandig staat.<\/p>\n<p><strong><em>Leidraad voor lectuur<\/em><\/strong><\/p>\n<p>Een zeer welgekomen bloemlezing is de Davidsfonds-uitgave &#8220;Woorden om wakker te lezen\u201d van dichter, essayist en uitmuntend po\u00ebziekenner Rudolf van de Perre. Na de ruime respons en waardering die &#8220;Die lezen mogen eenzaam wezen\u201d enkele jaren geleden te beurt vielen, vond de uitgever het wenselijk een tweede reeks van vijftig gedichten kort \u2014 slechts \u00e9\u00e9n bladzijde \u2014 te belichten, op dezelfde wijze: geen grondige analyse, maar een soort leidraad bij de lectuur.<\/p>\n<p>Van de Perre heeft opnieuw een keuze gemaakt uit een halve eeuw Noord- en Zuidnederlandse po\u00ebzie en de gedichten chronologisch geordend, zodat ook iets van een evolutie zichtbaar wordt. Naar het voorbeeld van de Noordnederlandse dichterchemicus Leo Vroman, in het gedicht &#8220;Voor wie dit leest\u201d, doet Rudolf van de Perre een beroep op de mede-creativiteit van de lezer om het geschreven of gedrukte en daardoor &#8220;ingeslapen\u201d woord opnieuw &#8220;wakker&#8221; te lezen, op basis van de liefde die dichter en lezer verbindt.<\/p>\n<p>In zijn gevarieerde keuze brengt hij verzen van hoog gehalte, van o.a. Hubert van Herreweghen, Vasalis, Gerrit Achterberg, Jan van Nijlen, Bertus Aafjes, Paul Snoek, Ren\u00e9 Verbeeck, Jan Veulemans, Ida Gerhardt, Aleidis Dierick, Anton van Wilderode, Rutger Kopland, Leonard Nolens, Chrles Ducal en Jotie T&#8217;Hooft. Als weinig anderen brengt van de Perre echt goede po\u00ebzie dichter bij een ruim publiek.<\/p>\n<p><strong>E.V.<\/strong><\/p>\n<p><em>Jozef Deleu, Groot Verzenboek, Tielt-Amsterdam, Lannoo-Anthos, 895 fr.<br \/>\n<\/em><em>Hans Warren, Spiegel van de moderne Nederlandse po\u00ebzie Amsterdam-Leuven, 990 fr.<br \/>\n<\/em><em>Rudolf van de Perre, Woorden om wakker te lezen, Leuven Davidsfonds, 395 fr.<\/em><\/p>\n<p>&nbsp;<\/p>\n","protected":false},"excerpt":{"rendered":"<p>In 1992 schreef Sim een brief aan Jozef Deleu (\u00b01937), dichter, schrijver en bloemlezer, met de vraag of hij geen po\u00ebzie van Nand kon opnemen in zijn &#8220;Groot Verzenboek, vijfhonderd gedichten over leven, liefde en dood&#8221;.\u00a0Deleu antwoordde negatief. Sim schreef hierover in &#8220;Brieven aan Nand&#8221;: &#8220;In het Groot Verzenboek van Deleu werd ook de naam &hellip; <\/p>\n<p class=\"link-more\"><a href=\"https:\/\/www.antillia.be\/blog\/de-zingende-ziel-der-dingen\/getuigenissen-over-nand-en-sim\/1962-1990-a-charge-et-a-decharge\/1992-jozef-deleu\/\" class=\"more-link\">Lees verder <span class=\"screen-reader-text\">&#8220;1992 Jozef Deleu &#8211; Erik Verstraete&#8221;<\/span><\/a><\/p>\n","protected":false},"author":1,"featured_media":0,"parent":1978,"menu_order":274,"comment_status":"open","ping_status":"closed","template":"","meta":{"footnotes":""},"class_list":["post-9378","page","type-page","status-publish","hentry"],"yoast_head":"<!-- This site is optimized with the Yoast SEO plugin v27.4 - https:\/\/yoast.com\/product\/yoast-seo-wordpress\/ -->\n<title>1992 Jozef Deleu - Erik Verstraete - Raratonga<\/title>\n<meta name=\"robots\" content=\"index, follow, max-snippet:-1, max-image-preview:large, max-video-preview:-1\" \/>\n<link rel=\"canonical\" href=\"https:\/\/www.antillia.be\/blog\/de-zingende-ziel-der-dingen\/getuigenissen-over-nand-en-sim\/1962-1990-a-charge-et-a-decharge\/1992-jozef-deleu\/\" \/>\n<meta property=\"og:locale\" content=\"nl_NL\" \/>\n<meta property=\"og:type\" content=\"article\" \/>\n<meta property=\"og:title\" content=\"1992 Jozef Deleu - Erik Verstraete - Raratonga\" \/>\n<meta property=\"og:description\" content=\"In 1992 schreef Sim een brief aan Jozef Deleu (\u00b01937), dichter, schrijver en bloemlezer, met de vraag of hij geen po\u00ebzie van Nand kon opnemen in zijn &#8220;Groot Verzenboek, vijfhonderd gedichten over leven, liefde en dood&#8221;.\u00a0Deleu antwoordde negatief. Sim schreef hierover in &#8220;Brieven aan Nand&#8221;: &#8220;In het Groot Verzenboek van Deleu werd ook de naam &hellip; Lees verder &quot;1992 Jozef Deleu &#8211; Erik Verstraete&quot;\" \/>\n<meta property=\"og:url\" content=\"https:\/\/www.antillia.be\/blog\/de-zingende-ziel-der-dingen\/getuigenissen-over-nand-en-sim\/1962-1990-a-charge-et-a-decharge\/1992-jozef-deleu\/\" \/>\n<meta property=\"og:site_name\" content=\"Raratonga\" \/>\n<meta property=\"article:modified_time\" content=\"2023-05-13T02:12:23+00:00\" \/>\n<meta property=\"og:image\" content=\"https:\/\/www.antillia.be\/blog\/wp-content\/uploads\/2020\/11\/Deleu-1-211x300.jpg\" \/>\n<meta name=\"twitter:card\" content=\"summary_large_image\" \/>\n<meta name=\"twitter:label1\" content=\"Geschatte leestijd\" \/>\n\t<meta name=\"twitter:data1\" content=\"5 minuten\" \/>\n<script type=\"application\/ld+json\" class=\"yoast-schema-graph\">{\"@context\":\"https:\\\/\\\/schema.org\",\"@graph\":[{\"@type\":\"WebPage\",\"@id\":\"https:\\\/\\\/www.antillia.be\\\/blog\\\/de-zingende-ziel-der-dingen\\\/getuigenissen-over-nand-en-sim\\\/1962-1990-a-charge-et-a-decharge\\\/1992-jozef-deleu\\\/\",\"url\":\"https:\\\/\\\/www.antillia.be\\\/blog\\\/de-zingende-ziel-der-dingen\\\/getuigenissen-over-nand-en-sim\\\/1962-1990-a-charge-et-a-decharge\\\/1992-jozef-deleu\\\/\",\"name\":\"1992 Jozef Deleu - Erik Verstraete - Raratonga\",\"isPartOf\":{\"@id\":\"https:\\\/\\\/www.antillia.be\\\/blog\\\/#website\"},\"primaryImageOfPage\":{\"@id\":\"https:\\\/\\\/www.antillia.be\\\/blog\\\/de-zingende-ziel-der-dingen\\\/getuigenissen-over-nand-en-sim\\\/1962-1990-a-charge-et-a-decharge\\\/1992-jozef-deleu\\\/#primaryimage\"},\"image\":{\"@id\":\"https:\\\/\\\/www.antillia.be\\\/blog\\\/de-zingende-ziel-der-dingen\\\/getuigenissen-over-nand-en-sim\\\/1962-1990-a-charge-et-a-decharge\\\/1992-jozef-deleu\\\/#primaryimage\"},\"thumbnailUrl\":\"https:\\\/\\\/www.antillia.be\\\/blog\\\/wp-content\\\/uploads\\\/2020\\\/11\\\/Deleu-1-211x300.jpg\",\"datePublished\":\"2020-11-08T18:53:34+00:00\",\"dateModified\":\"2023-05-13T02:12:23+00:00\",\"breadcrumb\":{\"@id\":\"https:\\\/\\\/www.antillia.be\\\/blog\\\/de-zingende-ziel-der-dingen\\\/getuigenissen-over-nand-en-sim\\\/1962-1990-a-charge-et-a-decharge\\\/1992-jozef-deleu\\\/#breadcrumb\"},\"inLanguage\":\"nl-NL\",\"potentialAction\":[{\"@type\":\"ReadAction\",\"target\":[\"https:\\\/\\\/www.antillia.be\\\/blog\\\/de-zingende-ziel-der-dingen\\\/getuigenissen-over-nand-en-sim\\\/1962-1990-a-charge-et-a-decharge\\\/1992-jozef-deleu\\\/\"]}]},{\"@type\":\"ImageObject\",\"inLanguage\":\"nl-NL\",\"@id\":\"https:\\\/\\\/www.antillia.be\\\/blog\\\/de-zingende-ziel-der-dingen\\\/getuigenissen-over-nand-en-sim\\\/1962-1990-a-charge-et-a-decharge\\\/1992-jozef-deleu\\\/#primaryimage\",\"url\":\"https:\\\/\\\/www.antillia.be\\\/blog\\\/wp-content\\\/uploads\\\/2020\\\/11\\\/Deleu-1.jpg\",\"contentUrl\":\"https:\\\/\\\/www.antillia.be\\\/blog\\\/wp-content\\\/uploads\\\/2020\\\/11\\\/Deleu-1.jpg\",\"width\":1199,\"height\":1702},{\"@type\":\"BreadcrumbList\",\"@id\":\"https:\\\/\\\/www.antillia.be\\\/blog\\\/de-zingende-ziel-der-dingen\\\/getuigenissen-over-nand-en-sim\\\/1962-1990-a-charge-et-a-decharge\\\/1992-jozef-deleu\\\/#breadcrumb\",\"itemListElement\":[{\"@type\":\"ListItem\",\"position\":1,\"name\":\"Home\",\"item\":\"https:\\\/\\\/www.antillia.be\\\/blog\\\/\"},{\"@type\":\"ListItem\",\"position\":2,\"name\":\"De Zingende Ziel der Dingen\",\"item\":\"https:\\\/\\\/www.antillia.be\\\/blog\\\/de-zingende-ziel-der-dingen\\\/\"},{\"@type\":\"ListItem\",\"position\":3,\"name\":\"Getuigenissen over Nand en Sim\",\"item\":\"https:\\\/\\\/www.antillia.be\\\/blog\\\/de-zingende-ziel-der-dingen\\\/getuigenissen-over-nand-en-sim\\\/\"},{\"@type\":\"ListItem\",\"position\":4,\"name\":\"1906 -2019 over Nand: &#8220;\u00e0 charge et \u00e0 d\u00e9charge&#8221;&#8230;\",\"item\":\"https:\\\/\\\/www.antillia.be\\\/blog\\\/de-zingende-ziel-der-dingen\\\/getuigenissen-over-nand-en-sim\\\/1962-1990-a-charge-et-a-decharge\\\/\"},{\"@type\":\"ListItem\",\"position\":5,\"name\":\"1992 Jozef Deleu &#8211; Erik Verstraete\"}]},{\"@type\":\"WebSite\",\"@id\":\"https:\\\/\\\/www.antillia.be\\\/blog\\\/#website\",\"url\":\"https:\\\/\\\/www.antillia.be\\\/blog\\\/\",\"name\":\"Raratonga\",\"description\":\"Biografie van een liefde\",\"potentialAction\":[{\"@type\":\"SearchAction\",\"target\":{\"@type\":\"EntryPoint\",\"urlTemplate\":\"https:\\\/\\\/www.antillia.be\\\/blog\\\/?s={search_term_string}\"},\"query-input\":{\"@type\":\"PropertyValueSpecification\",\"valueRequired\":true,\"valueName\":\"search_term_string\"}}],\"inLanguage\":\"nl-NL\"}]}<\/script>\n<!-- \/ Yoast SEO plugin. -->","yoast_head_json":{"title":"1992 Jozef Deleu - Erik Verstraete - Raratonga","robots":{"index":"index","follow":"follow","max-snippet":"max-snippet:-1","max-image-preview":"max-image-preview:large","max-video-preview":"max-video-preview:-1"},"canonical":"https:\/\/www.antillia.be\/blog\/de-zingende-ziel-der-dingen\/getuigenissen-over-nand-en-sim\/1962-1990-a-charge-et-a-decharge\/1992-jozef-deleu\/","og_locale":"nl_NL","og_type":"article","og_title":"1992 Jozef Deleu - Erik Verstraete - Raratonga","og_description":"In 1992 schreef Sim een brief aan Jozef Deleu (\u00b01937), dichter, schrijver en bloemlezer, met de vraag of hij geen po\u00ebzie van Nand kon opnemen in zijn &#8220;Groot Verzenboek, vijfhonderd gedichten over leven, liefde en dood&#8221;.\u00a0Deleu antwoordde negatief. Sim schreef hierover in &#8220;Brieven aan Nand&#8221;: &#8220;In het Groot Verzenboek van Deleu werd ook de naam &hellip; Lees verder \"1992 Jozef Deleu &#8211; Erik Verstraete\"","og_url":"https:\/\/www.antillia.be\/blog\/de-zingende-ziel-der-dingen\/getuigenissen-over-nand-en-sim\/1962-1990-a-charge-et-a-decharge\/1992-jozef-deleu\/","og_site_name":"Raratonga","article_modified_time":"2023-05-13T02:12:23+00:00","og_image":[{"url":"https:\/\/www.antillia.be\/blog\/wp-content\/uploads\/2020\/11\/Deleu-1-211x300.jpg","type":"","width":"","height":""}],"twitter_card":"summary_large_image","twitter_misc":{"Geschatte leestijd":"5 minuten"},"schema":{"@context":"https:\/\/schema.org","@graph":[{"@type":"WebPage","@id":"https:\/\/www.antillia.be\/blog\/de-zingende-ziel-der-dingen\/getuigenissen-over-nand-en-sim\/1962-1990-a-charge-et-a-decharge\/1992-jozef-deleu\/","url":"https:\/\/www.antillia.be\/blog\/de-zingende-ziel-der-dingen\/getuigenissen-over-nand-en-sim\/1962-1990-a-charge-et-a-decharge\/1992-jozef-deleu\/","name":"1992 Jozef Deleu - Erik Verstraete - Raratonga","isPartOf":{"@id":"https:\/\/www.antillia.be\/blog\/#website"},"primaryImageOfPage":{"@id":"https:\/\/www.antillia.be\/blog\/de-zingende-ziel-der-dingen\/getuigenissen-over-nand-en-sim\/1962-1990-a-charge-et-a-decharge\/1992-jozef-deleu\/#primaryimage"},"image":{"@id":"https:\/\/www.antillia.be\/blog\/de-zingende-ziel-der-dingen\/getuigenissen-over-nand-en-sim\/1962-1990-a-charge-et-a-decharge\/1992-jozef-deleu\/#primaryimage"},"thumbnailUrl":"https:\/\/www.antillia.be\/blog\/wp-content\/uploads\/2020\/11\/Deleu-1-211x300.jpg","datePublished":"2020-11-08T18:53:34+00:00","dateModified":"2023-05-13T02:12:23+00:00","breadcrumb":{"@id":"https:\/\/www.antillia.be\/blog\/de-zingende-ziel-der-dingen\/getuigenissen-over-nand-en-sim\/1962-1990-a-charge-et-a-decharge\/1992-jozef-deleu\/#breadcrumb"},"inLanguage":"nl-NL","potentialAction":[{"@type":"ReadAction","target":["https:\/\/www.antillia.be\/blog\/de-zingende-ziel-der-dingen\/getuigenissen-over-nand-en-sim\/1962-1990-a-charge-et-a-decharge\/1992-jozef-deleu\/"]}]},{"@type":"ImageObject","inLanguage":"nl-NL","@id":"https:\/\/www.antillia.be\/blog\/de-zingende-ziel-der-dingen\/getuigenissen-over-nand-en-sim\/1962-1990-a-charge-et-a-decharge\/1992-jozef-deleu\/#primaryimage","url":"https:\/\/www.antillia.be\/blog\/wp-content\/uploads\/2020\/11\/Deleu-1.jpg","contentUrl":"https:\/\/www.antillia.be\/blog\/wp-content\/uploads\/2020\/11\/Deleu-1.jpg","width":1199,"height":1702},{"@type":"BreadcrumbList","@id":"https:\/\/www.antillia.be\/blog\/de-zingende-ziel-der-dingen\/getuigenissen-over-nand-en-sim\/1962-1990-a-charge-et-a-decharge\/1992-jozef-deleu\/#breadcrumb","itemListElement":[{"@type":"ListItem","position":1,"name":"Home","item":"https:\/\/www.antillia.be\/blog\/"},{"@type":"ListItem","position":2,"name":"De Zingende Ziel der Dingen","item":"https:\/\/www.antillia.be\/blog\/de-zingende-ziel-der-dingen\/"},{"@type":"ListItem","position":3,"name":"Getuigenissen over Nand en Sim","item":"https:\/\/www.antillia.be\/blog\/de-zingende-ziel-der-dingen\/getuigenissen-over-nand-en-sim\/"},{"@type":"ListItem","position":4,"name":"1906 -2019 over Nand: &#8220;\u00e0 charge et \u00e0 d\u00e9charge&#8221;&#8230;","item":"https:\/\/www.antillia.be\/blog\/de-zingende-ziel-der-dingen\/getuigenissen-over-nand-en-sim\/1962-1990-a-charge-et-a-decharge\/"},{"@type":"ListItem","position":5,"name":"1992 Jozef Deleu &#8211; Erik Verstraete"}]},{"@type":"WebSite","@id":"https:\/\/www.antillia.be\/blog\/#website","url":"https:\/\/www.antillia.be\/blog\/","name":"Raratonga","description":"Biografie van een liefde","potentialAction":[{"@type":"SearchAction","target":{"@type":"EntryPoint","urlTemplate":"https:\/\/www.antillia.be\/blog\/?s={search_term_string}"},"query-input":{"@type":"PropertyValueSpecification","valueRequired":true,"valueName":"search_term_string"}}],"inLanguage":"nl-NL"}]}},"jetpack_shortlink":"https:\/\/wp.me\/PbQXZk-2rg","jetpack_sharing_enabled":true,"jetpack_likes_enabled":true,"_links":{"self":[{"href":"https:\/\/www.antillia.be\/blog\/wp-json\/wp\/v2\/pages\/9378","targetHints":{"allow":["GET"]}}],"collection":[{"href":"https:\/\/www.antillia.be\/blog\/wp-json\/wp\/v2\/pages"}],"about":[{"href":"https:\/\/www.antillia.be\/blog\/wp-json\/wp\/v2\/types\/page"}],"author":[{"embeddable":true,"href":"https:\/\/www.antillia.be\/blog\/wp-json\/wp\/v2\/users\/1"}],"replies":[{"embeddable":true,"href":"https:\/\/www.antillia.be\/blog\/wp-json\/wp\/v2\/comments?post=9378"}],"version-history":[{"count":0,"href":"https:\/\/www.antillia.be\/blog\/wp-json\/wp\/v2\/pages\/9378\/revisions"}],"up":[{"embeddable":true,"href":"https:\/\/www.antillia.be\/blog\/wp-json\/wp\/v2\/pages\/1978"}],"wp:attachment":[{"href":"https:\/\/www.antillia.be\/blog\/wp-json\/wp\/v2\/media?parent=9378"}],"curies":[{"name":"wp","href":"https:\/\/api.w.org\/{rel}","templated":true}]}}